{"id":7,"date":"2023-05-03T17:34:07","date_gmt":"2023-05-03T14:34:07","guid":{"rendered":"http:\/\/gulayalagoz.av.tr\/?page_id=7"},"modified":"2023-05-30T21:35:19","modified_gmt":"2023-05-30T18:35:19","slug":"about","status":"publish","type":"page","link":"https:\/\/gulayalagoz.av.tr\/index.php\/about\/","title":{"rendered":"\u00c7ALI\u015eMA ALANLARIMIZ"},"content":{"rendered":"\n<p><\/p>\n\n\n\n<div class=\"wp-block-columns alignwide is-layout-flex wp-container-core-columns-is-layout-9d6595d7 wp-block-columns-is-layout-flex\">\n<div class=\"wp-block-column is-layout-flow wp-block-column-is-layout-flow\">\n<figure class=\"wp-block-gallery has-nested-images columns-default is-cropped wp-block-gallery-1 is-layout-flex wp-block-gallery-is-layout-flex\">\n<figure class=\"wp-block-image size-large\"><img loading=\"lazy\" decoding=\"async\" width=\"300\" height=\"205\" data-id=\"44\" src=\"https:\/\/gulayalagoz.av.tr\/wp-content\/uploads\/2023\/05\/ticaret-hukuku-nedir-300x205-1.jpg\" alt=\"\" class=\"wp-image-44\"\/><\/figure>\n<\/figure>\n\n\n\n<p class=\"has-text-align-center has-black-color has-text-color has-medium-font-size\"><strong>A\u0130LE HUKUKU<\/strong><\/p>\n\n\n\n<p class=\"has-black-color has-text-color\">Bo\u015fanma davalar\u0131 ile bo\u015fanman\u0131n tazminat ve benzeri ferileri gibi talepler, mal rejiminin tasfiyesi, velayet ve nafaka talepleri, soyba\u011f\u0131n\u0131n reddi, tan\u0131ma ve babal\u0131k davalar\u0131 gibi aile hukukundan do\u011fan ihtilaflar\u0131n mahkeme \u00f6n\u00fcnde \u00e7\u00f6z\u00fcm\u00fcnde ve taraflar aras\u0131nda protokol d\u00fczenlenmesinde m\u00fcvekkillerine Medeni Kanun, Hukuk Muhakemeleri Kanunu ve ilgili milletleraras\u0131 s\u00f6zle\u015fme ve kanunlarda yer alan h\u00fck\u00fcmler \u00e7er\u00e7evesinde hizmet verilmektedir.<\/p>\n<\/div>\n\n\n\n<div class=\"wp-block-column is-layout-flow wp-block-column-is-layout-flow\">\n<figure class=\"wp-block-image size-full is-resized\"><img loading=\"lazy\" decoding=\"async\" src=\"https:\/\/gulayalagoz.av.tr\/wp-content\/uploads\/2023\/05\/icraa.jpg\" alt=\"\" class=\"wp-image-65\" width=\"298\" height=\"188\" srcset=\"https:\/\/gulayalagoz.av.tr\/wp-content\/uploads\/2023\/05\/icraa.jpg 720w, https:\/\/gulayalagoz.av.tr\/wp-content\/uploads\/2023\/05\/icraa-300x190.jpg 300w\" sizes=\"auto, (max-width: 298px) 100vw, 298px\" \/><\/figure>\n\n\n\n<p class=\"has-text-align-center has-medium-font-size\">\u0130CRA ve \u0130FLAS HUKUKU<\/p>\n\n\n\n<p class=\"has-black-color has-text-color\">\u0130cra takiplerine ili\u015fkin hukuki s\u00fcre\u00e7lerin y\u00fcr\u00fct\u00fclmesi, icra takibine itiraz, itiraz\u0131n iptali davalar\u0131, haciz yoluyla sat\u0131\u015f, alaca\u011f\u0131n tahsili, kambiyo senetlerine ili\u015fkin takipler ve icra mahkemeleri nezdinde g\u00f6r\u00fclen davalara ili\u015fkin hukuki s\u00fcre\u00e7ler ve Bu alandaki hizmetler, alacakl\u0131\/bor\u00e7lu ve&nbsp; \u00fc\u00e7\u00fcnc\u00fc ki\u015filer aras\u0131ndaki uyu\u015fmazl\u0131klar\u0131n \u00e7\u00f6z\u00fcm\u00fc i\u00e7in icra mahkemeleri ve genel&nbsp; mahkemelerde dava takibi alanlar\u0131nda hizmet verilmektedir.<\/p>\n<\/div>\n\n\n\n<div class=\"wp-block-column is-layout-flow wp-block-column-is-layout-flow\">\n<figure class=\"wp-block-image size-full is-resized\"><img loading=\"lazy\" decoding=\"async\" src=\"https:\/\/gulayalagoz.av.tr\/wp-content\/uploads\/2023\/05\/GAYRIMENKUL-HUKUKU.jpg\" alt=\"\" class=\"wp-image-56\" width=\"301\" height=\"187\"\/><\/figure>\n\n\n\n<p class=\"has-text-align-center has-black-color has-text-color has-medium-font-size\">GAYR\u0130MENKUL HUKUKU<\/p>\n\n\n\n<p class=\"has-black-color has-text-color\">Gayrimenkul Hukuku geni\u015f bir yelpazeye sahip olmakla birlikte bu en \u00e7ok uyu\u015fmazl\u0131k ya\u015fan\u0131lan alanlardand\u0131r. Ta\u015f\u0131nmazlara ili\u015fkin olarak haz\u0131rlanacak s\u00f6zle\u015fmeler, tapu iptal ve tescil davalar\u0131, \u00f6nal\u0131m davalar\u0131, kira ve tahliye davalar\u0131, Haks\u0131z i\u015fgal ecrimisil davalar\u0131, kamula\u015ft\u0131rma davalar\u0131 gibi arazi, arsa, ev, daire, bina gibi ta\u015f\u0131nmazlar hakk\u0131nda malikler, kirac\u0131lar, kurumlar ve yap\u0131 kurulu\u015flar\u0131 aras\u0131ndaki ili\u015fkileri ve bu ili\u015fkilerden do\u011fan hukuki uyu\u015fmazl\u0131klarda hizmet verilmektedir. <\/p>\n<\/div>\n<\/div>\n\n\n\n<div style=\"height:100px\" aria-hidden=\"true\" class=\"wp-block-spacer\"><\/div>\n\n\n\n<div class=\"wp-block-cover alignfull\" style=\"padding-top:50px;padding-right:50px;padding-bottom:50px;padding-left:50px;min-height:316px;aspect-ratio:unset;\"><span aria-hidden=\"true\" class=\"wp-block-cover__background has-black-background-color has-background-dim-100 has-background-dim\"><\/span><div class=\"wp-block-cover__inner-container is-layout-flow wp-block-cover-is-layout-flow\">\n<div class=\"wp-block-columns are-vertically-aligned-center is-layout-flex wp-container-core-columns-is-layout-9d6595d7 wp-block-columns-is-layout-flex\">\n<div class=\"wp-block-column is-vertically-aligned-center is-layout-flow wp-block-column-is-layout-flow\" style=\"padding-top:20px;padding-right:0px;padding-bottom:20px;padding-left:0px\">\n<div class=\"wp-block-group is-content-justification-space-between is-nowrap is-layout-flex wp-container-core-group-is-layout-7ef4459a wp-block-group-is-layout-flex\">\n<figure class=\"wp-block-image size-full\"><img decoding=\"async\" src=\"http:\/\/gulayalagoz.av.tr\/wp-content\/themes\/inspiro\/assets\/images\/laurel_left.png\" alt=\"\"\/><\/figure>\n\n\n\n<div class=\"wp-block-group\"><div class=\"wp-block-group__inner-container is-layout-flow wp-block-group-is-layout-flow\">\n<p class=\"has-text-align-center has-white-color has-text-color\" style=\"font-size:18px;line-height:1\"><strong>&#8220;Best Film&#8221;<br><\/strong>Winner<\/p>\n<\/div><\/div>\n\n\n\n<figure class=\"wp-block-image size-full\"><img decoding=\"async\" src=\"http:\/\/gulayalagoz.av.tr\/wp-content\/themes\/inspiro\/assets\/images\/laurel_right.png\" alt=\"\"\/><\/figure>\n<\/div>\n<\/div>\n\n\n\n<div class=\"wp-block-column is-vertically-aligned-center is-layout-flow wp-block-column-is-layout-flow\" style=\"padding-top:20px;padding-right:0px;padding-bottom:20px;padding-left:0px\">\n<div class=\"wp-block-group is-content-justification-space-between is-nowrap is-layout-flex wp-container-core-group-is-layout-7ef4459a wp-block-group-is-layout-flex\">\n<figure class=\"wp-block-image size-full\"><img decoding=\"async\" src=\"http:\/\/gulayalagoz.av.tr\/wp-content\/themes\/inspiro\/assets\/images\/laurel_left.png\" alt=\"\"\/><\/figure>\n\n\n\n<div class=\"wp-block-group\"><div class=\"wp-block-group__inner-container is-layout-flow wp-block-group-is-layout-flow\">\n<p class=\"has-text-align-center has-white-color has-text-color\" style=\"font-size:18px;line-height:1\"><strong>&#8220;New Film Festival&#8221;<\/strong><br>Winner<\/p>\n<\/div><\/div>\n\n\n\n<figure class=\"wp-block-image size-full\"><img decoding=\"async\" src=\"http:\/\/gulayalagoz.av.tr\/wp-content\/themes\/inspiro\/assets\/images\/laurel_right.png\" alt=\"\"\/><\/figure>\n<\/div>\n<\/div>\n\n\n\n<div class=\"wp-block-column is-vertically-aligned-center is-layout-flow wp-block-column-is-layout-flow\" style=\"padding-top:20px;padding-right:0px;padding-bottom:20px;padding-left:0px\">\n<div class=\"wp-block-group is-content-justification-space-between is-nowrap is-layout-flex wp-container-core-group-is-layout-7ef4459a wp-block-group-is-layout-flex\">\n<figure class=\"wp-block-image size-full\"><img decoding=\"async\" src=\"http:\/\/gulayalagoz.av.tr\/wp-content\/themes\/inspiro\/assets\/images\/laurel_left.png\" alt=\"\"\/><\/figure>\n\n\n\n<div class=\"wp-block-group\"><div class=\"wp-block-group__inner-container is-layout-flow wp-block-group-is-layout-flow\">\n<p class=\"has-text-align-center has-white-color has-text-color\" style=\"font-size:18px;line-height:1\"><strong>&#8220;Best Short&#8221;<\/strong><br>Winner<\/p>\n<\/div><\/div>\n\n\n\n<figure class=\"wp-block-image size-full\"><img decoding=\"async\" src=\"http:\/\/gulayalagoz.av.tr\/wp-content\/themes\/inspiro\/assets\/images\/laurel_right.png\" alt=\"\"\/><\/figure>\n<\/div>\n<\/div>\n<\/div>\n<\/div><\/div>\n","protected":false},"excerpt":{"rendered":"<p>A\u0130LE HUKUKU Bo\u015fanma davalar\u0131 ile bo\u015fanman\u0131n tazminat ve benzeri ferileri gibi talepler, mal rejiminin tasfiyesi, velayet ve nafaka talepleri, soyba\u011f\u0131n\u0131n reddi, tan\u0131ma ve babal\u0131k davalar\u0131 gibi aile hukukundan do\u011fan ihtilaflar\u0131n mahkeme \u00f6n\u00fcnde \u00e7\u00f6z\u00fcm\u00fcnde ve taraflar aras\u0131nda protokol d\u00fczenlenmesinde m\u00fcvekkillerine Medeni Kanun, Hukuk Muhakemeleri Kanunu ve ilgili milletleraras\u0131 s\u00f6zle\u015fme ve kanunlarda yer alan h\u00fck\u00fcmler \u00e7er\u00e7evesinde hizmet &hellip; <\/p>\n<p class=\"link-more\"><a href=\"https:\/\/gulayalagoz.av.tr\/index.php\/about\/\" class=\"more-link\"><span class=\"screen-reader-text\"> &#8220;\u00c7ALI\u015eMA ALANLARIMIZ&#8221;<\/span>devam\u0131n\u0131 oku<\/a><\/p>\n","protected":false},"author":1,"featured_media":5,"parent":0,"menu_order":0,"comment_status":"closed","ping_status":"closed","template":"","meta":{"footnotes":""},"class_list":["post-7","page","type-page","status-publish","has-post-thumbnail","hentry"],"_links":{"self":[{"href":"https:\/\/gulayalagoz.av.tr\/index.php\/wp-json\/wp\/v2\/pages\/7","targetHints":{"allow":["GET"]}}],"collection":[{"href":"https:\/\/gulayalagoz.av.tr\/index.php\/wp-json\/wp\/v2\/pages"}],"about":[{"href":"https:\/\/gulayalagoz.av.tr\/index.php\/wp-json\/wp\/v2\/types\/page"}],"author":[{"embeddable":true,"href":"https:\/\/gulayalagoz.av.tr\/index.php\/wp-json\/wp\/v2\/users\/1"}],"replies":[{"embeddable":true,"href":"https:\/\/gulayalagoz.av.tr\/index.php\/wp-json\/wp\/v2\/comments?post=7"}],"version-history":[{"count":13,"href":"https:\/\/gulayalagoz.av.tr\/index.php\/wp-json\/wp\/v2\/pages\/7\/revisions"}],"predecessor-version":[{"id":73,"href":"https:\/\/gulayalagoz.av.tr\/index.php\/wp-json\/wp\/v2\/pages\/7\/revisions\/73"}],"wp:featuredmedia":[{"embeddable":true,"href":"https:\/\/gulayalagoz.av.tr\/index.php\/wp-json\/wp\/v2\/media\/5"}],"wp:attachment":[{"href":"https:\/\/gulayalagoz.av.tr\/index.php\/wp-json\/wp\/v2\/media?parent=7"}],"curies":[{"name":"wp","href":"https:\/\/api.w.org\/{rel}","templated":true}]}}