{"id":6,"date":"2023-05-03T17:34:07","date_gmt":"2023-05-03T14:34:07","guid":{"rendered":"http:\/\/gulayalagoz.av.tr\/?page_id=6"},"modified":"2023-06-07T11:13:53","modified_gmt":"2023-06-07T08:13:53","slug":"olaganustu-tasarimlar-icin-guzel-portfoyler","status":"publish","type":"page","link":"https:\/\/gulayalagoz.av.tr\/","title":{"rendered":"G\u00dcLAY ALAG\u00d6Z HUKUK VE DANI\u015eMANLIK"},"content":{"rendered":"\n<p><\/p>\n\n\n\n<p class=\"has-text-align-center\"><\/p>\n\n\n\n<div style=\"height:55px\" aria-hidden=\"true\" class=\"wp-block-spacer\"><\/div>\n\n\n\n<div class=\"wp-block-group alignfull has-background\" style=\"background-color:#e5e9ec\"><div class=\"wp-block-group__inner-container is-layout-flow wp-block-group-is-layout-flow\">\n<div class=\"wp-block-columns is-layout-flex wp-container-core-columns-is-layout-9d6595d7 wp-block-columns-is-layout-flex\">\n<div class=\"wp-block-column is-vertically-aligned-center is-layout-flow wp-block-column-is-layout-flow\">\n<h2 class=\"wp-block-heading\">HAKKIMIZDA<\/h2>\n\n\n\n<p> Av.G\u00fclay Alag\u00f6z taraf\u0131ndan kurulan G\u00fclay Alag\u00f6z Hukuk ve Dan\u0131\u015fmanl\u0131k farkl\u0131 sekt\u00f6rlerde faaliyet g\u00f6steren ger\u00e7ek ve t\u00fczel ki\u015filere hukuki dan\u0131\u015fmanl\u0131k vermektedir. E\u015fitlik\u00e7i, eri\u015filebilir ve adil bir adalet sistemine hizmet eden bir anlay\u0131\u015f olu\u015fturma misyonuna sahip olan G\u00fclay Alag\u00f6z Hukuk ve Dan\u0131\u015fmanl\u0131k hukuki ihtilaflar\u0131n \u00e7\u00f6z\u00fcm\u00fc hususunda faaliyet g\u00f6stermektedir.<\/p>\n\n\n\n<div class=\"wp-block-buttons is-horizontal is-content-justification-left is-layout-flex wp-container-core-buttons-is-layout-7e5fce0a wp-block-buttons-is-layout-flex\">\n<div class=\"wp-block-button is-style-outline is-style-outline--1\"><a class=\"wp-block-button__link wp-element-button\" href=\"https:\/\/gulayalagoz.av.tr\/index.php\/about\/\">Daha fazla<\/a><\/div>\n<\/div>\n\n\n\n<p><\/p>\n<\/div>\n\n\n\n<div class=\"wp-block-column is-layout-flow wp-block-column-is-layout-flow\">\n<div style=\"height:48px\" aria-hidden=\"true\" class=\"wp-block-spacer\"><\/div>\n\n\n\n<figure class=\"wp-block-image size-large\"><img loading=\"lazy\" decoding=\"async\" width=\"1024\" height=\"683\" src=\"https:\/\/gulayalagoz.av.tr\/wp-content\/uploads\/2023\/05\/avukat-nedir-tr-mgc-legal-1024x683.jpg\" alt=\"\" class=\"wp-image-79\" srcset=\"https:\/\/gulayalagoz.av.tr\/wp-content\/uploads\/2023\/05\/avukat-nedir-tr-mgc-legal-1024x683.jpg 1024w, https:\/\/gulayalagoz.av.tr\/wp-content\/uploads\/2023\/05\/avukat-nedir-tr-mgc-legal-300x200.jpg 300w, https:\/\/gulayalagoz.av.tr\/wp-content\/uploads\/2023\/05\/avukat-nedir-tr-mgc-legal-768x512.jpg 768w, https:\/\/gulayalagoz.av.tr\/wp-content\/uploads\/2023\/05\/avukat-nedir-tr-mgc-legal.jpg 1500w\" sizes=\"auto, (max-width: 1024px) 100vw, 1024px\" \/><\/figure>\n<\/div>\n<\/div>\n<\/div><\/div>\n\n\n\n<div class=\"wp-block-group alignfull\"><div class=\"wp-block-group__inner-container is-layout-flow wp-block-group-is-layout-flow\">\n<div class=\"wp-block-columns are-vertically-aligned-center is-layout-flex wp-container-core-columns-is-layout-9d6595d7 wp-block-columns-is-layout-flex\">\n<div class=\"wp-block-column is-vertically-aligned-center is-layout-flow wp-block-column-is-layout-flow\">\n<h2 class=\"wp-block-heading\"><\/h2>\n<\/div>\n<\/div>\n<\/div><\/div>\n\n\n\n<div class=\"wp-block-group alignfull has-black-background-color has-background\"><div class=\"wp-block-group__inner-container is-layout-flow wp-block-group-is-layout-flow\">\n<h2 class=\"wp-block-heading has-text-align-center has-white-color has-text-color\"><strong>\u00c7al\u0131\u015fma Alanlar\u0131m\u0131z<\/strong><\/h2>\n\n\n\n<figure class=\"wp-block-gallery aligncenter has-nested-images columns-3 is-cropped wp-block-gallery-2 is-layout-flex wp-block-gallery-is-layout-flex\">\n<figure class=\"wp-block-image size-thumbnail\"><img loading=\"lazy\" decoding=\"async\" width=\"150\" height=\"150\" data-id=\"44\" src=\"https:\/\/gulayalagoz.av.tr\/wp-content\/uploads\/2023\/05\/ticaret-hukuku-nedir-300x205-1-150x150.jpg\" alt=\"\" class=\"wp-image-44\"\/><\/figure>\n\n\n\n<figure class=\"wp-block-image size-thumbnail\"><img loading=\"lazy\" decoding=\"async\" width=\"150\" height=\"150\" data-id=\"45\" src=\"https:\/\/gulayalagoz.av.tr\/wp-content\/uploads\/2023\/05\/icra-hukuku-nedir-2428-150x150.jpg\" alt=\"\" class=\"wp-image-45\"\/><\/figure>\n\n\n\n<figure class=\"wp-block-image size-thumbnail\"><img loading=\"lazy\" decoding=\"async\" width=\"150\" height=\"150\" data-id=\"56\" src=\"https:\/\/gulayalagoz.av.tr\/wp-content\/uploads\/2023\/05\/GAYRIMENKUL-HUKUKU-150x150.jpg\" alt=\"\" class=\"wp-image-56\"\/><\/figure>\n<\/figure>\n<\/div><\/div>\n\n\n\n<div class=\"wp-block-cover alignfull has-parallax is-position-center-center\" style=\"min-height:375px;aspect-ratio:unset;\"><span aria-hidden=\"true\" class=\"wp-block-cover__background has-black-background-color has-background-dim-40 has-background-dim\"><\/span><div role=\"img\" class=\"wp-block-cover__image-background wp-image-24 has-parallax\" style=\"background-position:50% 50%;background-image:url(http:\/\/gulayalagoz.av.tr\/wp-content\/themes\/inspiro\/assets\/images\/StockSnap_89BQZ89TLH.jpg)\"><\/div><div class=\"wp-block-cover__inner-container is-layout-flow wp-block-cover-is-layout-flow\">\n<p class=\"has-text-align-center has-text-color has-huge-font-size\" style=\"color:#fffffa;line-height:1.1\"><strong>Son Yaz\u0131lar<\/strong><\/p>\n\n\n\n<div class=\"wp-block-query is-layout-flow wp-block-query-is-layout-flow\">\n\n<\/div>\n\n\n\n<div class=\"wp-block-buttons is-horizontal is-content-justification-center is-layout-flex wp-container-core-buttons-is-layout-499968f5 wp-block-buttons-is-layout-flex\">\n<div class=\"wp-block-button is-style-outline is-style-outline--3\"><a class=\"wp-block-button__link has-white-color has-text-color wp-element-button\" href=\"https:\/\/gulayalagoz.av.tr\/index.php\/blog\/\">Daha fazla<\/a><\/div>\n<\/div>\n<\/div><\/div>\n","protected":false},"excerpt":{"rendered":"<p>HAKKIMIZDA Av.G\u00fclay Alag\u00f6z taraf\u0131ndan kurulan G\u00fclay Alag\u00f6z Hukuk ve Dan\u0131\u015fmanl\u0131k farkl\u0131 sekt\u00f6rlerde faaliyet g\u00f6steren ger\u00e7ek ve t\u00fczel ki\u015filere hukuki dan\u0131\u015fmanl\u0131k vermektedir. E\u015fitlik\u00e7i, eri\u015filebilir ve adil bir adalet sistemine hizmet eden bir anlay\u0131\u015f olu\u015fturma misyonuna sahip olan G\u00fclay Alag\u00f6z Hukuk ve Dan\u0131\u015fmanl\u0131k hukuki ihtilaflar\u0131n \u00e7\u00f6z\u00fcm\u00fc hususunda faaliyet g\u00f6stermektedir. \u00c7al\u0131\u015fma Alanlar\u0131m\u0131z<\/p>\n","protected":false},"author":1,"featured_media":5,"parent":0,"menu_order":0,"comment_status":"closed","ping_status":"closed","template":"","meta":{"footnotes":""},"class_list":["post-6","page","type-page","status-publish","has-post-thumbnail","hentry"],"_links":{"self":[{"href":"https:\/\/gulayalagoz.av.tr\/index.php\/wp-json\/wp\/v2\/pages\/6","targetHints":{"allow":["GET"]}}],"collection":[{"href":"https:\/\/gulayalagoz.av.tr\/index.php\/wp-json\/wp\/v2\/pages"}],"about":[{"href":"https:\/\/gulayalagoz.av.tr\/index.php\/wp-json\/wp\/v2\/types\/page"}],"author":[{"embeddable":true,"href":"https:\/\/gulayalagoz.av.tr\/index.php\/wp-json\/wp\/v2\/users\/1"}],"replies":[{"embeddable":true,"href":"https:\/\/gulayalagoz.av.tr\/index.php\/wp-json\/wp\/v2\/comments?post=6"}],"version-history":[{"count":14,"href":"https:\/\/gulayalagoz.av.tr\/index.php\/wp-json\/wp\/v2\/pages\/6\/revisions"}],"predecessor-version":[{"id":95,"href":"https:\/\/gulayalagoz.av.tr\/index.php\/wp-json\/wp\/v2\/pages\/6\/revisions\/95"}],"wp:featuredmedia":[{"embeddable":true,"href":"https:\/\/gulayalagoz.av.tr\/index.php\/wp-json\/wp\/v2\/media\/5"}],"wp:attachment":[{"href":"https:\/\/gulayalagoz.av.tr\/index.php\/wp-json\/wp\/v2\/media?parent=6"}],"curies":[{"name":"wp","href":"https:\/\/api.w.org\/{rel}","templated":true}]}}